{"id":624,"date":"2019-12-30T15:30:32","date_gmt":"2019-12-30T15:30:32","guid":{"rendered":"http:\/\/tomfoto.com\/?page_id=624"},"modified":"2020-12-19T15:28:57","modified_gmt":"2020-12-19T15:28:57","slug":"die-mopsfamilie","status":"publish","type":"page","link":"https:\/\/tomfoto.com\/?page_id=624","title":{"rendered":"Die Mopsfamilie"},"content":{"rendered":"\n<p>Das Gr\u00fcnderehepaar Wesseling des Deutschen Mopsclub e.V.  lebt mit einer unz\u00e4hlbaren Anzahl von M\u00f6psen im Bergischen Land<\/p>\n\n\n\nngg_shortcode_0_placeholder\n","protected":false},"excerpt":{"rendered":"<p>Das Gr\u00fcnderehepaar Wesseling des Deutschen Mopsclub e.V. lebt mit einer unz\u00e4hlbaren Anzahl von M\u00f6psen im Bergischen Land<\/p>\n","protected":false},"author":1,"featured_media":0,"parent":0,"menu_order":0,"comment_status":"closed","ping_status":"closed","template":"","meta":{"ngg_post_thumbnail":0,"footnotes":""},"class_list":["post-624","page","type-page","status-publish","hentry"],"_links":{"self":[{"href":"https:\/\/tomfoto.com\/index.php?rest_route=\/wp\/v2\/pages\/624","targetHints":{"allow":["GET"]}}],"collection":[{"href":"https:\/\/tomfoto.com\/index.php?rest_route=\/wp\/v2\/pages"}],"about":[{"href":"https:\/\/tomfoto.com\/index.php?rest_route=\/wp\/v2\/types\/page"}],"author":[{"embeddable":true,"href":"https:\/\/tomfoto.com\/index.php?rest_route=\/wp\/v2\/users\/1"}],"replies":[{"embeddable":true,"href":"https:\/\/tomfoto.com\/index.php?rest_route=%2Fwp%2Fv2%2Fcomments&post=624"}],"version-history":[{"count":4,"href":"https:\/\/tomfoto.com\/index.php?rest_route=\/wp\/v2\/pages\/624\/revisions"}],"predecessor-version":[{"id":941,"href":"https:\/\/tomfoto.com\/index.php?rest_route=\/wp\/v2\/pages\/624\/revisions\/941"}],"wp:attachment":[{"href":"https:\/\/tomfoto.com\/index.php?rest_route=%2Fwp%2Fv2%2Fmedia&parent=624"}],"curies":[{"name":"wp","href":"https:\/\/api.w.org\/{rel}","templated":true}]}}