{"id":440,"date":"2019-12-29T15:44:43","date_gmt":"2019-12-29T15:44:43","guid":{"rendered":"http:\/\/tomfoto.com\/?page_id=440"},"modified":"2025-12-14T15:02:37","modified_gmt":"2025-12-14T15:02:37","slug":"ueber-tomfoto","status":"publish","type":"page","link":"https:\/\/tomfoto.com\/","title":{"rendered":"\u00fcber tomfoto"},"content":{"rendered":"\n<p>tomfoto hei\u00dft im wahren Leben Thomas Bauer.<\/p>\n\n\n\n<p><\/p>\n\n\n\n<p>Als Marketing- und Kommunikationsmanager f\u00fcr fotografisch-visuelle Kommunikation, Foto-Designer und Art Direktor-Fotografie, spezialisiert auf Unternehmens-, Instituts- und Organisationskommunikation im Bereich der Markenkommunikation.<\/p>\n\n\n\n<p>Schwerpunkt im Management und in der Entwicklung von emotionalisierter und zielgruppenorientierter Marketing-, PR- und Kommunikationsfotografie, sowie der Entwicklung und Realisierung von Kommunikationsprojekten zur Steuerung der Aussendarstellung, Akzeptanzgewinnung und Zielgruppenerreichung.<br><\/p>\n\n\n\n<p><\/p>\n\n\n\n<div class=\"wp-block-group\"><div class=\"wp-block-group__inner-container is-layout-flow wp-block-group-is-layout-flow\">\n<p>Das umfasst im Besonderen die Entwicklung, Emotionalisierung und Realisierung von zielgerichteten Bildkonzepten und einer zeitgem\u00e4\u00dfen Bildsprache, die sich an den strategischen Zielen orientiert und diese ma\u00dfgeblich unterst\u00fctzt.<\/p>\n<\/div><\/div>\n\n\n\n<p>Volontriat zum Foto- und Bildredakteur<\/p>\n\n\n\n<p>Fotografie &amp; Design Studium in Dortmund<\/p>\n\n\n\n<p>Located in K\u00f6ln, in der Welt zuhause.<\/p>\n\n\n\n<p>Dozent f\u00fcr Fotografische Markenkommunikation.<\/p>\n\n\n\n<p>Fotografische Ausstellungen: Auschwitz, Le Roi Arthus, Kohlearbeit, Global Impressions u.a.<\/p>\n\n\n\n<p>Zweifacher Gewinner des Red Dot Design Award f\u00fcr Marken- und Kommunikationsdesign<br><\/p>\n\n\n\n<p><\/p>\n\n\n\n<p>Getragen von gegenseitigem Respekt und Vertrauen entstanden zum Teil langj\u00e4hrige Partnerschaften mit Kunden und Auftraggebern: <\/p>\n\n\n\n<p>Robert Bosch GmbH<\/p>\n\n\n\n<p>Robert Bosch Stiftung<\/p>\n\n\n\n<p>Henkel KGaA<\/p>\n\n\n\n<p>SOS Kinderd\u00f6rfer<\/p>\n\n\n\n<p>Vodafone Stiftung<\/p>\n\n\n\n<p>vodafone<\/p>\n\n\n\n<p>Ford<\/p>\n\n\n\n<p>Toyota<\/p>\n\n\n\n<p>Opel<\/p>\n\n\n\n<p>Merck<\/p>\n\n\n\n<p>Metro<\/p>\n\n\n\n<p>Amprion<\/p>\n\n\n\n<p>SAG<\/p>\n\n\n\n<p>Schott<\/p>\n\n\n\n<p>S\u00fcwag<\/p>\n\n\n\n<p>Stern<\/p>\n\n\n\n<p>SZ-Magazin<\/p>\n\n\n\n<p>Zeit-Magazin<\/p>\n\n\n\n<p>Spiegel<\/p>\n\n\n\n<p>GEO<\/p>\n\n\n\n<p>NZZ<\/p>\n\n\n\n<p>P.M.<\/p>\n\n\n\n<p>u.v.a.<\/p>\n\n\n\n<p><\/p>\n\n\n\n<p><\/p>\n","protected":false},"excerpt":{"rendered":"<p>tomfoto hei\u00dft im wahren Leben Thomas Bauer. Als Marketing- und Kommunikationsmanager f\u00fcr fotografisch-visuelle Kommunikation, Foto-Designer und Art Direktor-Fotografie, spezialisiert auf Unternehmens-, Instituts- und Organisationskommunikation im Bereich der Markenkommunikation. Schwerpunkt im Management und in der Entwicklung von emotionalisierter und zielgruppenorientierter Marketing-, PR- und Kommunikationsfotografie, sowie der Entwicklung und Realisierung von Kommunikationsprojekten zur Steuerung der Aussendarstellung, Akzeptanzgewinnung &hellip; <\/p>\n<p class=\"link-more\"><a href=\"https:\/\/tomfoto.com\/\" class=\"more-link\"><span class=\"screen-reader-text\">\u201e\u00fcber tomfoto\u201c<\/span> weiterlesen<\/a><\/p>\n","protected":false},"author":1,"featured_media":0,"parent":0,"menu_order":0,"comment_status":"closed","ping_status":"closed","template":"","meta":{"ngg_post_thumbnail":0,"footnotes":""},"class_list":["post-440","page","type-page","status-publish","hentry"],"_links":{"self":[{"href":"https:\/\/tomfoto.com\/index.php?rest_route=\/wp\/v2\/pages\/440","targetHints":{"allow":["GET"]}}],"collection":[{"href":"https:\/\/tomfoto.com\/index.php?rest_route=\/wp\/v2\/pages"}],"about":[{"href":"https:\/\/tomfoto.com\/index.php?rest_route=\/wp\/v2\/types\/page"}],"author":[{"embeddable":true,"href":"https:\/\/tomfoto.com\/index.php?rest_route=\/wp\/v2\/users\/1"}],"replies":[{"embeddable":true,"href":"https:\/\/tomfoto.com\/index.php?rest_route=%2Fwp%2Fv2%2Fcomments&post=440"}],"version-history":[{"count":35,"href":"https:\/\/tomfoto.com\/index.php?rest_route=\/wp\/v2\/pages\/440\/revisions"}],"predecessor-version":[{"id":1098,"href":"https:\/\/tomfoto.com\/index.php?rest_route=\/wp\/v2\/pages\/440\/revisions\/1098"}],"wp:attachment":[{"href":"https:\/\/tomfoto.com\/index.php?rest_route=%2Fwp%2Fv2%2Fmedia&parent=440"}],"curies":[{"name":"wp","href":"https:\/\/api.w.org\/{rel}","templated":true}]}}